{"id":3140,"date":"2024-04-17T16:30:13","date_gmt":"2024-04-17T14:30:13","guid":{"rendered":"https:\/\/wisseloord.org\/academy\/locations"},"modified":"2024-05-28T14:09:08","modified_gmt":"2024-05-28T12:09:08","slug":"locations","status":"publish","type":"page","link":"https:\/\/wisseloord.org\/it\/academy\/locations","title":{"rendered":"Posizioni"},"content":{"rendered":"<section id=\"locations\">\n<div class=\"container\">\n  <div class=\"row\">\n    <div class=\"col-lg-7 col-md-10 mx-auto text-center\">\n      <div class=\"position-relative intro mx-auto\">\n        <h1 style=\"text-align: center;\"><strong>Qui, l\u00e0<\/strong> ovunque<\/h1>\n        <svg xmlns=\"http:\/\/www.w3.org\/2000\/svg\" viewBox=\"0 0 610 31\" width=\"610\" height=\"31\"><path id=\"wave3\" fill=\"none\" fill-rule=\"evenodd\" stroke=\"#D1EB3F\" stroke-linecap=\"round\" stroke-linejoin=\"round\" stroke-width=\"6\" d=\"M3 21.382c20.708-34.514 83.07 3.229 111.008 5.674 26.462 2.316 49.374-13.225 74.101-18.547 12.986-2.795 26.383-4.02 39.688-4.11 12.137-.081 42.847 10.56 51.433 12.044a628.075 628.075 0 0 0 60.533 7.455c28.683 2.125 40.019-1.075 67.891-8.03 17.77-4.434 20.58-13.925 44.784-11.468 34.055 3.456 64.327 20.74 99.586 19.125 14.12-.647 31.88-1.35 36.976-15.502\"\/><\/svg>\n      <\/div>\n      <p class=\"mt-5\">Pi\u00f9 di una scuola di composizione musicale e produzione musicale, Wisseloord \u00e8 un centro di sviluppo di carriera internazionale con diverse sedi in tutta Europa. Gli artisti, compositori, produttori e autori sono i benvenuti ovunque si trovino.<\/p>\n    <\/div>\n  <\/div>\n<\/div>\n<div class=\"container-fluid carousels mt-xl-5\">\n  <div class=\"row\">\n    <div class=\"col\">\n      <div class=\"locatie-carousel\">\n          \n          <div class=\"locatie d-flex align-items-center carousel-cell\">\n            <img decoding=\"async\" src=\"\" alt=\"\" width=\"128px\" height=\"128px\" >\n            <a class=\"h1\" href=\"\/it\/academy\/locations\/Brussels\">Brussels<\/a>\n          <\/div>\n          \n          <div class=\"locatie d-flex align-items-center carousel-cell\">\n            <img decoding=\"async\" src=\"https:\/\/wisseloord.org\/wp-content\/uploads\/2024\/04\/hilversum.jpg\" alt=\"\" width=\"128px\" height=\"128px\" >\n            <a class=\"h1\" href=\"\/it\/academy\/locations\/Hilversum\">Hilversum<\/a>\n          <\/div>\n          \n          <div class=\"locatie d-flex align-items-center carousel-cell\">\n            <img decoding=\"async\" src=\"https:\/\/wisseloord.org\/wp-content\/uploads\/2024\/04\/miami.jpg\" alt=\"\" width=\"128px\" height=\"128px\" >\n            <a class=\"h1\" href=\"\/it\/academy\/locations\/Miami\">Miami<\/a>\n          <\/div>\n          \n          <div class=\"locatie d-flex align-items-center carousel-cell\">\n            <img decoding=\"async\" src=\"https:\/\/wisseloord.org\/wp-content\/uploads\/2024\/04\/milan.jpg\" alt=\"\" width=\"128px\" height=\"128px\" >\n            <a class=\"h1\" href=\"\/it\/academy\/locations\/Milan\">Milan<\/a>\n          <\/div>\n          \n          <div class=\"locatie d-flex align-items-center carousel-cell\">\n            <img decoding=\"async\" src=\"https:\/\/wisseloord.org\/wp-content\/uploads\/2024\/04\/paris-1024x640-1.jpg\" alt=\"\" width=\"128px\" height=\"128px\" >\n            <a class=\"h1\" href=\"\/it\/academy\/locations\/Paris\">Paris<\/a>\n          <\/div>\n          \n          <div class=\"locatie d-flex align-items-center carousel-cell\">\n            <img decoding=\"async\" src=\"\" alt=\"\" width=\"128px\" height=\"128px\" >\n            <a class=\"h1\" href=\"\/it\/academy\/locations\/Stockholm\">Stockholm<\/a>\n          <\/div>\n          \n          <div class=\"locatie d-flex align-items-center carousel-cell\">\n            <img decoding=\"async\" src=\"https:\/\/wisseloord.org\/wp-content\/uploads\/2024\/04\/tallinn.jpg\" alt=\"\" width=\"128px\" height=\"128px\" >\n            <a class=\"h1\" href=\"\/it\/academy\/locations\/Tallinn\">Tallinn<\/a>\n          <\/div>\n          \n          <div class=\"locatie d-flex align-items-center carousel-cell\">\n            <img decoding=\"async\" src=\"\" alt=\"\" width=\"128px\" height=\"128px\" >\n            <a class=\"h1\" href=\"\/it\/academy\/locations\/Brussels\">Brussels<\/a>\n          <\/div>\n          \n          <div class=\"locatie d-flex align-items-center carousel-cell\">\n            <img decoding=\"async\" src=\"https:\/\/wisseloord.org\/wp-content\/uploads\/2024\/04\/hilversum.jpg\" alt=\"\" width=\"128px\" height=\"128px\" >\n            <a class=\"h1\" href=\"\/it\/academy\/locations\/Hilversum\">Hilversum<\/a>\n          <\/div>\n          \n          <div class=\"locatie d-flex align-items-center carousel-cell\">\n            <img decoding=\"async\" src=\"https:\/\/wisseloord.org\/wp-content\/uploads\/2024\/04\/miami.jpg\" alt=\"\" width=\"128px\" height=\"128px\" >\n            <a class=\"h1\" href=\"\/it\/academy\/locations\/Miami\">Miami<\/a>\n          <\/div>\n          \n          <div class=\"locatie d-flex align-items-center carousel-cell\">\n            <img decoding=\"async\" src=\"https:\/\/wisseloord.org\/wp-content\/uploads\/2024\/04\/milan.jpg\" alt=\"\" width=\"128px\" height=\"128px\" >\n            <a class=\"h1\" href=\"\/it\/academy\/locations\/Milan\">Milan<\/a>\n          <\/div>\n          \n          <div class=\"locatie d-flex align-items-center carousel-cell\">\n            <img decoding=\"async\" src=\"https:\/\/wisseloord.org\/wp-content\/uploads\/2024\/04\/paris-1024x640-1.jpg\" alt=\"\" width=\"128px\" height=\"128px\" >\n            <a class=\"h1\" href=\"\/it\/academy\/locations\/Paris\">Paris<\/a>\n          <\/div>\n          \n          <div class=\"locatie d-flex align-items-center carousel-cell\">\n            <img decoding=\"async\" src=\"\" alt=\"\" width=\"128px\" height=\"128px\" >\n            <a class=\"h1\" href=\"\/it\/academy\/locations\/Stockholm\">Stockholm<\/a>\n          <\/div>\n          \n          <div class=\"locatie d-flex align-items-center carousel-cell\">\n            <img decoding=\"async\" src=\"https:\/\/wisseloord.org\/wp-content\/uploads\/2024\/04\/tallinn.jpg\" alt=\"\" width=\"128px\" height=\"128px\" >\n            <a class=\"h1\" href=\"\/it\/academy\/locations\/Tallinn\">Tallinn<\/a>\n          <\/div>\n                \n      <\/div>\n      <div class=\"locatie-carousel\">\n          \n          <div class=\"locatie d-flex align-items-center carousel-cell\">\n            <img decoding=\"async\" src=\"\" alt=\"\" width=\"128px\" height=\"128px\" >\n            <a class=\"h1\" href=\"\/it\/academy\/locations\/Brussels\">Brussels<\/a>\n          <\/div>\n          \n          <div class=\"locatie d-flex align-items-center carousel-cell\">\n            <img decoding=\"async\" src=\"https:\/\/wisseloord.org\/wp-content\/uploads\/2024\/04\/hilversum.jpg\" alt=\"\" width=\"128px\" height=\"128px\" >\n            <a class=\"h1\" href=\"\/it\/academy\/locations\/Hilversum\">Hilversum<\/a>\n          <\/div>\n          \n          <div class=\"locatie d-flex align-items-center carousel-cell\">\n            <img decoding=\"async\" src=\"https:\/\/wisseloord.org\/wp-content\/uploads\/2024\/04\/miami.jpg\" alt=\"\" width=\"128px\" height=\"128px\" >\n            <a class=\"h1\" href=\"\/it\/academy\/locations\/Miami\">Miami<\/a>\n          <\/div>\n          \n          <div class=\"locatie d-flex align-items-center carousel-cell\">\n            <img decoding=\"async\" src=\"https:\/\/wisseloord.org\/wp-content\/uploads\/2024\/04\/milan.jpg\" alt=\"\" width=\"128px\" height=\"128px\" >\n            <a class=\"h1\" href=\"\/it\/academy\/locations\/Milan\">Milan<\/a>\n          <\/div>\n          \n          <div class=\"locatie d-flex align-items-center carousel-cell\">\n            <img decoding=\"async\" src=\"https:\/\/wisseloord.org\/wp-content\/uploads\/2024\/04\/paris-1024x640-1.jpg\" alt=\"\" width=\"128px\" height=\"128px\" >\n            <a class=\"h1\" href=\"\/it\/academy\/locations\/Paris\">Paris<\/a>\n          <\/div>\n          \n          <div class=\"locatie d-flex align-items-center carousel-cell\">\n            <img decoding=\"async\" src=\"\" alt=\"\" width=\"128px\" height=\"128px\" >\n            <a class=\"h1\" href=\"\/it\/academy\/locations\/Stockholm\">Stockholm<\/a>\n          <\/div>\n          \n          <div class=\"locatie d-flex align-items-center carousel-cell\">\n            <img decoding=\"async\" src=\"https:\/\/wisseloord.org\/wp-content\/uploads\/2024\/04\/tallinn.jpg\" alt=\"\" width=\"128px\" height=\"128px\" >\n            <a class=\"h1\" href=\"\/it\/academy\/locations\/Tallinn\">Tallinn<\/a>\n          <\/div>\n          \n          <div class=\"locatie d-flex align-items-center carousel-cell\">\n            <img decoding=\"async\" src=\"\" alt=\"\" width=\"128px\" height=\"128px\" >\n            <a class=\"h1\" href=\"\/it\/academy\/locations\/Brussels\">Brussels<\/a>\n          <\/div>\n          \n          <div class=\"locatie d-flex align-items-center carousel-cell\">\n            <img decoding=\"async\" src=\"https:\/\/wisseloord.org\/wp-content\/uploads\/2024\/04\/hilversum.jpg\" alt=\"\" width=\"128px\" height=\"128px\" >\n            <a class=\"h1\" href=\"\/it\/academy\/locations\/Hilversum\">Hilversum<\/a>\n          <\/div>\n          \n          <div class=\"locatie d-flex align-items-center carousel-cell\">\n            <img decoding=\"async\" src=\"https:\/\/wisseloord.org\/wp-content\/uploads\/2024\/04\/miami.jpg\" alt=\"\" width=\"128px\" height=\"128px\" >\n            <a class=\"h1\" href=\"\/it\/academy\/locations\/Miami\">Miami<\/a>\n          <\/div>\n          \n          <div class=\"locatie d-flex align-items-center carousel-cell\">\n            <img decoding=\"async\" src=\"https:\/\/wisseloord.org\/wp-content\/uploads\/2024\/04\/milan.jpg\" alt=\"\" width=\"128px\" height=\"128px\" >\n            <a class=\"h1\" href=\"\/it\/academy\/locations\/Milan\">Milan<\/a>\n          <\/div>\n          \n          <div class=\"locatie d-flex align-items-center carousel-cell\">\n            <img decoding=\"async\" src=\"https:\/\/wisseloord.org\/wp-content\/uploads\/2024\/04\/paris-1024x640-1.jpg\" alt=\"\" width=\"128px\" height=\"128px\" >\n            <a class=\"h1\" href=\"\/it\/academy\/locations\/Paris\">Paris<\/a>\n          <\/div>\n          \n          <div class=\"locatie d-flex align-items-center carousel-cell\">\n            <img decoding=\"async\" src=\"\" alt=\"\" width=\"128px\" height=\"128px\" >\n            <a class=\"h1\" href=\"\/it\/academy\/locations\/Stockholm\">Stockholm<\/a>\n          <\/div>\n          \n          <div class=\"locatie d-flex align-items-center carousel-cell\">\n            <img decoding=\"async\" src=\"https:\/\/wisseloord.org\/wp-content\/uploads\/2024\/04\/tallinn.jpg\" alt=\"\" width=\"128px\" height=\"128px\" >\n            <a class=\"h1\" href=\"\/it\/academy\/locations\/Tallinn\">Tallinn<\/a>\n          <\/div>\n              <\/div>\n    <\/div>\n  <\/div>\n<\/div>\n<\/section>\n","protected":false},"excerpt":{"rendered":"","protected":false},"author":1,"featured_media":1935,"parent":3110,"menu_order":0,"comment_status":"closed","ping_status":"closed","template":"","meta":{"_acf_changed":false,"_improvement_type_select":"improve_an_existing","_thumb_yes_seoaic":false,"_frame_yes_seoaic":false,"seoaic_generate_description":"","seoaic_improve_instructions_prompt":"","seoaic_rollback_content_improvement":"","seoaic_idea_thumbnail_generator":"","thumbnail_generated":false,"thumbnail_generate_prompt":"","seoaic_article_description":"","footnotes":""},"class_list":["post-3140","page","type-page","status-publish","has-post-thumbnail","hentry"],"acf":[],"yoast_head":"<!-- This site is optimized with the Yoast SEO plugin v27.4 - https:\/\/yoast.com\/product\/yoast-seo-wordpress\/ -->\n<title>Posizioni - Wisseloord<\/title>\n<meta name=\"description\" content=\"D\u00e9couvrez le campus international de la c\u00e9l\u00e8bre Acad\u00e9mie Wisseloord. Le centre de d\u00e9veloppement de carri\u00e8re musicale le plus renomm\u00e9 d&#039;Europe.\" \/>\n<meta name=\"robots\" content=\"index, follow, max-snippet:-1, max-image-preview:large, max-video-preview:-1\" \/>\n<link rel=\"canonical\" href=\"https:\/\/wisseloord.org\/it\/academy\/locations\" \/>\n<meta property=\"og:locale\" content=\"it_IT\" \/>\n<meta property=\"og:type\" content=\"article\" \/>\n<meta property=\"og:title\" content=\"Posizioni - Wisseloord\" \/>\n<meta property=\"og:description\" content=\"D\u00e9couvrez le campus international de la c\u00e9l\u00e8bre Acad\u00e9mie Wisseloord. Le centre de d\u00e9veloppement de carri\u00e8re musicale le plus renomm\u00e9 d&#039;Europe.\" \/>\n<meta property=\"og:url\" content=\"https:\/\/wisseloord.org\/it\/academy\/locations\" \/>\n<meta property=\"og:site_name\" content=\"Wisseloord\" \/>\n<meta property=\"article:publisher\" content=\"https:\/\/www.facebook.com\/wisseloordacademy\/\" \/>\n<meta property=\"article:modified_time\" content=\"2024-05-28T12:09:08+00:00\" \/>\n<meta property=\"og:image\" content=\"https:\/\/wisseloord.org\/wp-content\/uploads\/2024\/05\/alle-locaties.jpg\" \/>\n\t<meta property=\"og:image:width\" content=\"120\" \/>\n\t<meta property=\"og:image:height\" content=\"114\" \/>\n\t<meta property=\"og:image:type\" content=\"image\/jpeg\" \/>\n<meta name=\"twitter:card\" content=\"summary_large_image\" \/>\n<meta name=\"twitter:site\" content=\"@Wisseloord\" \/>\n<meta name=\"twitter:label1\" content=\"Tempo di lettura stimato\" \/>\n\t<meta name=\"twitter:data1\" content=\"1 minuto\" \/>\n<script type=\"application\/ld+json\" class=\"yoast-schema-graph\">{\"@context\":\"https:\\\/\\\/schema.org\",\"@graph\":[{\"@type\":\"WebPage\",\"@id\":\"https:\\\/\\\/wisseloord.org\\\/it\\\/academy\\\/locations\",\"url\":\"https:\\\/\\\/wisseloord.org\\\/it\\\/academy\\\/locations\",\"name\":\"Posizioni - Wisseloord\",\"isPartOf\":{\"@id\":\"https:\\\/\\\/wisseloord.org\\\/it\\\/#website\"},\"primaryImageOfPage\":{\"@id\":\"https:\\\/\\\/wisseloord.org\\\/it\\\/academy\\\/locations#primaryimage\"},\"image\":{\"@id\":\"https:\\\/\\\/wisseloord.org\\\/it\\\/academy\\\/locations#primaryimage\"},\"thumbnailUrl\":\"https:\\\/\\\/wisseloord.org\\\/wp-content\\\/uploads\\\/2024\\\/05\\\/alle-locaties.jpg\",\"datePublished\":\"2024-04-17T14:30:13+00:00\",\"dateModified\":\"2024-05-28T12:09:08+00:00\",\"description\":\"D\u00e9couvrez le campus international de la c\u00e9l\u00e8bre Acad\u00e9mie Wisseloord. Le centre de d\u00e9veloppement de carri\u00e8re musicale le plus renomm\u00e9 d'Europe.\",\"breadcrumb\":{\"@id\":\"https:\\\/\\\/wisseloord.org\\\/it\\\/academy\\\/locations#breadcrumb\"},\"inLanguage\":\"it-IT\",\"potentialAction\":[{\"@type\":\"ReadAction\",\"target\":[\"https:\\\/\\\/wisseloord.org\\\/it\\\/academy\\\/locations\"]}]},{\"@type\":\"ImageObject\",\"inLanguage\":\"it-IT\",\"@id\":\"https:\\\/\\\/wisseloord.org\\\/it\\\/academy\\\/locations#primaryimage\",\"url\":\"https:\\\/\\\/wisseloord.org\\\/wp-content\\\/uploads\\\/2024\\\/05\\\/alle-locaties.jpg\",\"contentUrl\":\"https:\\\/\\\/wisseloord.org\\\/wp-content\\\/uploads\\\/2024\\\/05\\\/alle-locaties.jpg\",\"width\":120,\"height\":114},{\"@type\":\"BreadcrumbList\",\"@id\":\"https:\\\/\\\/wisseloord.org\\\/it\\\/academy\\\/locations#breadcrumb\",\"itemListElement\":[{\"@type\":\"ListItem\",\"position\":1,\"name\":\"Home\",\"item\":\"https:\\\/\\\/wisseloord.org\\\/it\"},{\"@type\":\"ListItem\",\"position\":2,\"name\":\"Accademia\",\"item\":\"https:\\\/\\\/wisseloord.org\\\/it\\\/academy\"},{\"@type\":\"ListItem\",\"position\":3,\"name\":\"Posizioni\"}]},{\"@type\":\"WebSite\",\"@id\":\"https:\\\/\\\/wisseloord.org\\\/it\\\/#website\",\"url\":\"https:\\\/\\\/wisseloord.org\\\/it\\\/\",\"name\":\"Wisseloord\",\"description\":\"\",\"potentialAction\":[{\"@type\":\"SearchAction\",\"target\":{\"@type\":\"EntryPoint\",\"urlTemplate\":\"https:\\\/\\\/wisseloord.org\\\/it\\\/?s={search_term_string}\"},\"query-input\":{\"@type\":\"PropertyValueSpecification\",\"valueRequired\":true,\"valueName\":\"search_term_string\"}}],\"inLanguage\":\"it-IT\"}]}<\/script>\n<!-- \/ Yoast SEO plugin. -->","yoast_head_json":{"title":"Posizioni - Wisseloord","description":"D\u00e9couvrez le campus international de la c\u00e9l\u00e8bre Acad\u00e9mie Wisseloord. Le centre de d\u00e9veloppement de carri\u00e8re musicale le plus renomm\u00e9 d'Europe.","robots":{"index":"index","follow":"follow","max-snippet":"max-snippet:-1","max-image-preview":"max-image-preview:large","max-video-preview":"max-video-preview:-1"},"canonical":"https:\/\/wisseloord.org\/it\/academy\/locations","og_locale":"it_IT","og_type":"article","og_title":"Posizioni - Wisseloord","og_description":"D\u00e9couvrez le campus international de la c\u00e9l\u00e8bre Acad\u00e9mie Wisseloord. Le centre de d\u00e9veloppement de carri\u00e8re musicale le plus renomm\u00e9 d'Europe.","og_url":"https:\/\/wisseloord.org\/it\/academy\/locations","og_site_name":"Wisseloord","article_publisher":"https:\/\/www.facebook.com\/wisseloordacademy\/","article_modified_time":"2024-05-28T12:09:08+00:00","og_image":[{"width":120,"height":114,"url":"https:\/\/wisseloord.org\/wp-content\/uploads\/2024\/05\/alle-locaties.jpg","type":"image\/jpeg"}],"twitter_card":"summary_large_image","twitter_site":"@Wisseloord","twitter_misc":{"Tempo di lettura stimato":"1 minuto"},"schema":{"@context":"https:\/\/schema.org","@graph":[{"@type":"WebPage","@id":"https:\/\/wisseloord.org\/it\/academy\/locations","url":"https:\/\/wisseloord.org\/it\/academy\/locations","name":"Posizioni - Wisseloord","isPartOf":{"@id":"https:\/\/wisseloord.org\/it\/#website"},"primaryImageOfPage":{"@id":"https:\/\/wisseloord.org\/it\/academy\/locations#primaryimage"},"image":{"@id":"https:\/\/wisseloord.org\/it\/academy\/locations#primaryimage"},"thumbnailUrl":"https:\/\/wisseloord.org\/wp-content\/uploads\/2024\/05\/alle-locaties.jpg","datePublished":"2024-04-17T14:30:13+00:00","dateModified":"2024-05-28T12:09:08+00:00","description":"D\u00e9couvrez le campus international de la c\u00e9l\u00e8bre Acad\u00e9mie Wisseloord. Le centre de d\u00e9veloppement de carri\u00e8re musicale le plus renomm\u00e9 d'Europe.","breadcrumb":{"@id":"https:\/\/wisseloord.org\/it\/academy\/locations#breadcrumb"},"inLanguage":"it-IT","potentialAction":[{"@type":"ReadAction","target":["https:\/\/wisseloord.org\/it\/academy\/locations"]}]},{"@type":"ImageObject","inLanguage":"it-IT","@id":"https:\/\/wisseloord.org\/it\/academy\/locations#primaryimage","url":"https:\/\/wisseloord.org\/wp-content\/uploads\/2024\/05\/alle-locaties.jpg","contentUrl":"https:\/\/wisseloord.org\/wp-content\/uploads\/2024\/05\/alle-locaties.jpg","width":120,"height":114},{"@type":"BreadcrumbList","@id":"https:\/\/wisseloord.org\/it\/academy\/locations#breadcrumb","itemListElement":[{"@type":"ListItem","position":1,"name":"Home","item":"https:\/\/wisseloord.org\/it"},{"@type":"ListItem","position":2,"name":"Accademia","item":"https:\/\/wisseloord.org\/it\/academy"},{"@type":"ListItem","position":3,"name":"Posizioni"}]},{"@type":"WebSite","@id":"https:\/\/wisseloord.org\/it\/#website","url":"https:\/\/wisseloord.org\/it\/","name":"Wisseloord","description":"","potentialAction":[{"@type":"SearchAction","target":{"@type":"EntryPoint","urlTemplate":"https:\/\/wisseloord.org\/it\/?s={search_term_string}"},"query-input":{"@type":"PropertyValueSpecification","valueRequired":true,"valueName":"search_term_string"}}],"inLanguage":"it-IT"}]}},"_links":{"self":[{"href":"https:\/\/wisseloord.org\/it\/wp-json\/wp\/v2\/pages\/3140","targetHints":{"allow":["GET"]}}],"collection":[{"href":"https:\/\/wisseloord.org\/it\/wp-json\/wp\/v2\/pages"}],"about":[{"href":"https:\/\/wisseloord.org\/it\/wp-json\/wp\/v2\/types\/page"}],"author":[{"embeddable":true,"href":"https:\/\/wisseloord.org\/it\/wp-json\/wp\/v2\/users\/1"}],"replies":[{"embeddable":true,"href":"https:\/\/wisseloord.org\/it\/wp-json\/wp\/v2\/comments?post=3140"}],"version-history":[{"count":2,"href":"https:\/\/wisseloord.org\/it\/wp-json\/wp\/v2\/pages\/3140\/revisions"}],"predecessor-version":[{"id":3142,"href":"https:\/\/wisseloord.org\/it\/wp-json\/wp\/v2\/pages\/3140\/revisions\/3142"}],"up":[{"embeddable":true,"href":"https:\/\/wisseloord.org\/it\/wp-json\/wp\/v2\/pages\/3110"}],"wp:featuredmedia":[{"embeddable":true,"href":"https:\/\/wisseloord.org\/it\/wp-json\/wp\/v2\/media\/1935"}],"wp:attachment":[{"href":"https:\/\/wisseloord.org\/it\/wp-json\/wp\/v2\/media?parent=3140"}],"curies":[{"name":"wp","href":"https:\/\/api.w.org\/{rel}","templated":true}]}}